{"id":324,"date":"2021-11-11T09:35:14","date_gmt":"2021-11-11T08:35:14","guid":{"rendered":"https:\/\/www.d-ploy.ch\/?page_id=324"},"modified":"2022-09-07T22:17:01","modified_gmt":"2022-09-07T20:17:01","slug":"contact-us","status":"publish","type":"page","link":"https:\/\/www.d-ploy.ch\/de\/contact-us\/","title":{"rendered":"Unsere Standorte"},"content":{"rendered":"\n        <ul class=\"branches\">\r\n                            <li class=\"animated fadeInUp\">\r\n                    <img decoding=\"async\" src=\"https:\/\/www.d-ploy.ch\/wp-content\/uploads\/2021\/10\/SW.png\" class=\"flag-state\">\r\n                    <span class=\"state\">Schweiz<\/span>\r\n                    <h3>D-ploy (Schweiz) GmbH<\/h3>\r\n                    <span class=\"text\">Dorfstrasse 48<\/span>\r\n                    <span class=\"text\">CH-4303 Kaiseraugst<\/span>\r\n                    <span class=\"text\">Schweiz<\/span>\r\n                    <a href=\"https:\/\/goo.gl\/maps\/uVJPf498sbRjU1EE9\" target=\"_blank\">SHOW ON MAP<\/a>\r\n                <\/li>\r\n                            <li class=\"animated fadeInUp\">\r\n                    <img decoding=\"async\" src=\"https:\/\/www.d-ploy.ch\/wp-content\/uploads\/2021\/10\/de.png\" class=\"flag-state\">\r\n                    <span class=\"state\">Deutschland<\/span>\r\n                    <h3>D-ploy (Deutschland) GmbH<\/h3>\r\n                    <span class=\"text\">Georges-K\u00f6hler-Stra\u00dfe 2<\/span>\r\n                    <span class=\"text\">D-79539 L\u00f6rrach<\/span>\r\n                    <span class=\"text\">Deutschland<\/span>\r\n                    <a href=\"https:\/\/maps.app.goo.gl\/TV1or8w5rBDhVaUX8\" target=\"_blank\">SHOW ON MAP<\/a>\r\n                <\/li>\r\n                            <li class=\"animated fadeInUp\">\r\n                    <img decoding=\"async\" src=\"https:\/\/www.d-ploy.ch\/wp-content\/uploads\/2021\/10\/cz.png\" class=\"flag-state\">\r\n                    <span class=\"state\">Tschechische Republik<\/span>\r\n                    <h3>D-ploy (Czech Republic) s.r.o.<\/h3>\r\n                    <span class=\"text\">Hv\u011bzdova 1689\/2a<\/span>\r\n                    <span class=\"text\">CZ-140 00 Prague 4<\/span>\r\n                    <span class=\"text\">Tschechische Republik<\/span>\r\n                    <a href=\"https:\/\/maps.app.goo.gl\/oD2T7C9GGEzX5nvt9\" target=\"_blank\">SHOW ON MAP<\/a>\r\n                <\/li>\r\n                            <li class=\"animated fadeInUp\">\r\n                    <img decoding=\"async\" src=\"https:\/\/www.d-ploy.ch\/wp-content\/uploads\/2021\/10\/rakousko.png\" class=\"flag-state\">\r\n                    <span class=\"state\">\u00d6sterreich<\/span>\r\n                    <h3>D-ploy (\u00d6sterreich) GmbH<\/h3>\r\n                    <span class=\"text\">Kaiserbergstrasse 8<\/span>\r\n                    <span class=\"text\">AT-6330 Kufstein<\/span>\r\n                    <span class=\"text\">\u00d6sterreich<\/span>\r\n                    <a href=\"https:\/\/www.google.com\/maps\/place\/Kaiserbergstrae+8,+6330+Kufstein,+Rakousko\/@47.5848421,12.1698059,17z\/data=!3m1!4b1!4m5!3m4!1s0x4776375a4c026109:0x6c237ffa831490a2!8m2!3d47.5848385!4d12.1719946\" target=\"_blank\">SHOW ON MAP<\/a>\r\n                <\/li>\r\n                            <li class=\"animated fadeInUp\">\r\n                    <img decoding=\"async\" src=\"https:\/\/www.d-ploy.ch\/wp-content\/uploads\/2021\/10\/usa.png\" class=\"flag-state\">\r\n                    <span class=\"state\">USA<\/span>\r\n                    <h3>D-ploy USA, Inc.<\/h3>\r\n                    <span class=\"text\">5301 Southwest Parkway Suite 400<\/span>\r\n                    <span class=\"text\">78735 Austin, Texas<\/span>\r\n                    <span class=\"text\">USA<\/span>\r\n                    <a href=\"https:\/\/goo.gl\/maps\/73ErAK5aFLaJHiGU7\" target=\"_blank\">SHOW ON MAP<\/a>\r\n                <\/li>\r\n                            <li class=\"animated fadeInUp\">\r\n                    <img decoding=\"async\" src=\"https:\/\/www.d-ploy.ch\/wp-content\/uploads\/2021\/10\/uk.png\" class=\"flag-state\">\r\n                    <span class=\"state\">Vereinigtes K\u00f6nigreich<\/span>\r\n                    <h3>D-ploy (UK) Ltd<\/h3>\r\n                    <span class=\"text\">7a Abbey Business Park, Monks Walk<\/span>\r\n                    <span class=\"text\">GB-GU98HT Farnham<\/span>\r\n                    <span class=\"text\">Vereinigtes K\u00f6nigreich<\/span>\r\n                    <a href=\"https:\/\/www.google.com\/maps\/place\/Abbey+Business+Park,+Monk's+Walk,+Farnham+GU9+8HT,+Velk+Britnie\/@51.2049258,-0.7729108,17z\/data=!3m1!4b1!4m8!1m2!2m1!1s7a+Abbey+Business+Park,+Monks+Walk!3m4!1s0x48742d3d973320bb:0x7ce60169dc739afa!8m2!3d51.2049569!4d-0.7706354?hl=cs-CZ\" target=\"_blank\">SHOW ON MAP<\/a>\r\n                <\/li>\r\n                            <li class=\"animated fadeInUp\">\r\n                    <img decoding=\"async\" src=\"https:\/\/www.d-ploy.ch\/wp-content\/uploads\/2021\/11\/pl.png\" class=\"flag-state\">\r\n                    <span class=\"state\">Polen<\/span>\r\n                    <h3>D-ploy (Poland) sp. z o. o.<\/h3>\r\n                    <span class=\"text\">ZLOTA 59<\/span>\r\n                    <span class=\"text\">PL-00-120 Warszawa<\/span>\r\n                    <span class=\"text\">Polen<\/span>\r\n                    <a href=\"https:\/\/www.google.com\/maps\/place\/Zota+59,+00-120+Warszawa,+Polsko\/@52.2301216,21.001766,17z\/data=!3m1!4b1!4m5!3m4!1s0x471ecc8da58f0dd5:0x9f7d3a9040fbc02f!8m2!3d52.2301216!4d21.0039547?hl=cs-CZ\" target=\"_blank\">SHOW ON MAP<\/a>\r\n                <\/li>\r\n                            <li class=\"animated fadeInUp\">\r\n                    <img decoding=\"async\" src=\"https:\/\/www.d-ploy.ch\/wp-content\/uploads\/2021\/11\/slovenia.png\" class=\"flag-state\">\r\n                    <span class=\"state\">Slowenien<\/span>\r\n                    <h3>D-ploy, Informacijske infrastrukture, d.o.o.<\/h3>\r\n                    <span class=\"text\">Okornova ulica 10<\/span>\r\n                    <span class=\"text\">SI-4000 Kranj<\/span>\r\n                    <span class=\"text\">Slowenien<\/span>\r\n                    <a href=\"https:\/\/www.google.com\/maps\/place\/Okornova+ulica+10,+4000+Kranj,+Slovinsko\/@46.2652984,14.3566275,17z\/data=!3m1!4b1!4m5!3m4!1s0x477ab82d76290799:0xb6c229a6fbcecba!8m2!3d46.2652984!4d14.3588162?hl=cs-CZ\" target=\"_blank\">SHOW ON MAP<\/a>\r\n                <\/li>\r\n                            <li class=\"animated fadeInUp\">\r\n                    <img decoding=\"async\" src=\"https:\/\/www.d-ploy.ch\/wp-content\/uploads\/2021\/11\/turkey.png\" class=\"flag-state\">\r\n                    <span class=\"state\">T\u00fcrkei<\/span>\r\n                    <h3>D-ploy Turkey Bili\u015fim Hizmetleri A.\u015e<\/h3>\r\n                    <span class=\"text\">FSM Mah. Poligon Cad. Buyaka 2 Sit Kule:3 No:8C\/1<\/span>\r\n                    <span class=\"text\">34771 \u00dcmraniye\/\u0130stanbul<\/span>\r\n                    <span class=\"text\">T\u00fcrkei<\/span>\r\n                    <a href=\"https:\/\/goo.gl\/maps\/dBWHvPfqzSdYG5j36\" target=\"_blank\">SHOW ON MAP<\/a>\r\n                <\/li>\r\n                            <li class=\"animated fadeInUp\">\r\n                    <img decoding=\"async\" src=\"https:\/\/www.d-ploy.ch\/wp-content\/uploads\/2022\/06\/nl-150x150-1.png\" class=\"flag-state\">\r\n                    <span class=\"state\">Niederlande<\/span>\r\n                    <h3>D-ploy (Netherlands) B.V.<\/h3>\r\n                    <span class=\"text\">Dammerweg 81<\/span>\r\n                    <span class=\"text\">1394GR Nederhorst den Berg<\/span>\r\n                    <span class=\"text\">Niederlande<\/span>\r\n                    <a href=\"https:\/\/goo.gl\/maps\/pVe5SoeznZCGVCqT7\" target=\"_blank\">SHOW ON MAP<\/a>\r\n                <\/li>\r\n                            <li class=\"animated fadeInUp\">\r\n                    <img decoding=\"async\" src=\"https:\/\/www.d-ploy.ch\/wp-content\/uploads\/2021\/11\/italy.png\" class=\"flag-state\">\r\n                    <span class=\"state\">Italien<\/span>\r\n                    <h3>D-ploy (Italy) S.R.L.<\/h3>\r\n                    <span class=\"text\">Piazza Pontelandolfo, 40<\/span>\r\n                    <span class=\"text\">IT-36100 Vicenza (VI)<\/span>\r\n                    <span class=\"text\">Italien<\/span>\r\n                    <a href=\"https:\/\/maps.app.goo.gl\/XK8S2b5kHc9Vrphd7\" target=\"_blank\">SHOW ON MAP<\/a>\r\n                <\/li>\r\n                            <li class=\"animated fadeInUp\">\r\n                    <img decoding=\"async\" src=\"https:\/\/www.d-ploy.ch\/wp-content\/uploads\/2023\/01\/Ireland.png\" class=\"flag-state\">\r\n                    <span class=\"state\">Irland<\/span>\r\n                    <h3>D-ploy IT (Ireland) Limited<\/h3>\r\n                    <span class=\"text\">174 Walkinstown rd, Walkinstown<\/span>\r\n                    <span class=\"text\">D12 K6NT - Dublin 12<\/span>\r\n                    <span class=\"text\">Irland<\/span>\r\n                    <a href=\"https:\/\/www.google.com\/maps\/place\/174+Walkinstown+Rd,+Walkinstown,+Dublin,+D12+K6NT,+Irsko\/@53.3175613,-6.3356937,17z\/data=!3m1!4b1!4m5!3m4!1s0x48670c9ad9505641:0xea315dc379514117!8m2!3d53.3175613!4d-6.333505\" target=\"_blank\">SHOW ON MAP<\/a>\r\n                <\/li>\r\n                    <\/ul>\r\n    \n\n\n\n<div style=\"height:80px\" aria-hidden=\"true\" class=\"wp-block-spacer\"><\/div>\n\n\n\n<h2 class=\"wp-block-heading\"><strong>Kontakt<\/strong><\/h2>\n\n\n\n<div style=\"height:20px\" aria-hidden=\"true\" class=\"wp-block-spacer\"><\/div>\n\n\n\n\n<div class=\"wpcf7 no-js\" id=\"wpcf7-f50-o1\" lang=\"cs-CZ\" dir=\"ltr\" data-wpcf7-id=\"50\">\n<div class=\"screen-reader-response\"><p role=\"status\" aria-live=\"polite\" aria-atomic=\"true\"><\/p> <ul><\/ul><\/div>\n<form action=\"\/de\/wp-json\/wp\/v2\/pages\/324#wpcf7-f50-o1\" method=\"post\" class=\"wpcf7-form init\" aria-label=\"Kontaktn\u00ed formul\u00e1\u0159\" novalidate=\"novalidate\" data-status=\"init\">\n<fieldset class=\"hidden-fields-container\"><input type=\"hidden\" name=\"_wpcf7\" value=\"50\" \/><input type=\"hidden\" name=\"_wpcf7_version\" value=\"6.1.5\" \/><input type=\"hidden\" name=\"_wpcf7_locale\" value=\"cs_CZ\" \/><input type=\"hidden\" name=\"_wpcf7_unit_tag\" value=\"wpcf7-f50-o1\" \/><input type=\"hidden\" name=\"_wpcf7_container_post\" value=\"0\" \/><input type=\"hidden\" name=\"_wpcf7_posted_data_hash\" value=\"\" \/><input type=\"hidden\" name=\"lang\" value=\"de\" \/><input type=\"hidden\" name=\"_wpcf7_recaptcha_response\" value=\"\" \/>\n<\/fieldset>\n<p><label><span class=\"split\">Vorname*<\/span><span class=\"wpcf7-form-control-wrap\" data-name=\"first-name\"><input size=\"40\" maxlength=\"400\" class=\"wpcf7-form-control wpcf7-text wpcf7-validates-as-required\" aria-required=\"true\" aria-invalid=\"false\" value=\"\" type=\"text\" name=\"first-name\" \/><\/span><\/label><br \/>\n<label><span class=\"split\">Nachname*<\/span><span class=\"wpcf7-form-control-wrap\" data-name=\"last-name\"><input size=\"40\" maxlength=\"400\" class=\"wpcf7-form-control wpcf7-text wpcf7-validates-as-required\" aria-required=\"true\" aria-invalid=\"false\" value=\"\" type=\"text\" name=\"last-name\" \/><\/span><\/label><br \/>\n<label><span class=\"split\">Unternehmen<\/span><span class=\"wpcf7-form-control-wrap\" data-name=\"company-name\"><input size=\"40\" maxlength=\"400\" class=\"wpcf7-form-control wpcf7-text\" aria-invalid=\"false\" value=\"\" type=\"text\" name=\"company-name\" \/><\/span><\/label><br \/>\n<label><span class=\"split\">E-mail*<\/span><span class=\"wpcf7-form-control-wrap\" data-name=\"your-email\"><input size=\"40\" maxlength=\"400\" class=\"wpcf7-form-control wpcf7-email wpcf7-validates-as-required wpcf7-text wpcf7-validates-as-email\" aria-required=\"true\" aria-invalid=\"false\" value=\"\" type=\"email\" name=\"your-email\" \/><\/span><\/label><br \/>\n<label><span class=\"split\">Telefonnummer*<\/span><span class=\"wpcf7-form-control-wrap\" data-name=\"phone\"><input size=\"40\" maxlength=\"400\" class=\"wpcf7-form-control wpcf7-text wpcf7-validates-as-required\" aria-required=\"true\" aria-invalid=\"false\" value=\"\" type=\"text\" name=\"phone\" \/><\/span><\/label><br \/>\n<label><span class=\"split\">Nachricht<\/span><span class=\"wpcf7-form-control-wrap\" data-name=\"your-message\"><textarea cols=\"40\" rows=\"10\" maxlength=\"2000\" class=\"wpcf7-form-control wpcf7-textarea\" aria-invalid=\"false\" name=\"your-message\"><\/textarea><\/span><\/label><br \/>\n<label><input class=\"wpcf7-form-control wpcf7-submit has-spinner\" type=\"submit\" value=\"Senden\" \/><\/label>\n<\/p><div class=\"wpcf7-response-output\" aria-hidden=\"true\"><\/div>\n<\/form>\n<\/div>\n\n","protected":false},"excerpt":{"rendered":"<p>Kontakt<\/p>\n","protected":false},"author":1,"featured_media":0,"parent":0,"menu_order":0,"comment_status":"closed","ping_status":"closed","template":"","meta":{"_themeisle_gutenberg_block_has_review":false,"footnotes":""},"class_list":["post-324","page","type-page","status-publish","hentry"],"_links":{"self":[{"href":"https:\/\/www.d-ploy.ch\/de\/wp-json\/wp\/v2\/pages\/324","targetHints":{"allow":["GET"]}}],"collection":[{"href":"https:\/\/www.d-ploy.ch\/de\/wp-json\/wp\/v2\/pages"}],"about":[{"href":"https:\/\/www.d-ploy.ch\/de\/wp-json\/wp\/v2\/types\/page"}],"author":[{"embeddable":true,"href":"https:\/\/www.d-ploy.ch\/de\/wp-json\/wp\/v2\/users\/1"}],"replies":[{"embeddable":true,"href":"https:\/\/www.d-ploy.ch\/de\/wp-json\/wp\/v2\/comments?post=324"}],"version-history":[{"count":11,"href":"https:\/\/www.d-ploy.ch\/de\/wp-json\/wp\/v2\/pages\/324\/revisions"}],"predecessor-version":[{"id":542,"href":"https:\/\/www.d-ploy.ch\/de\/wp-json\/wp\/v2\/pages\/324\/revisions\/542"}],"wp:attachment":[{"href":"https:\/\/www.d-ploy.ch\/de\/wp-json\/wp\/v2\/media?parent=324"}],"curies":[{"name":"wp","href":"https:\/\/api.w.org\/{rel}","templated":true}]}}